{"id":71,"date":"2025-06-09T17:57:07","date_gmt":"2025-06-09T17:57:07","guid":{"rendered":"https:\/\/www.robot2025.pt\/?page_id=71"},"modified":"2025-06-10T17:25:32","modified_gmt":"2025-06-10T17:25:32","slug":"committees","status":"publish","type":"page","link":"https:\/\/www.robot2025.pt\/?page_id=71","title":{"rendered":"Committees"},"content":{"rendered":"<p><strong>Chairs<\/strong><\/p>\n<p>General Chair: V\u00edtor H. Pinto &#8211; FEUP &amp; SYSTEC (DIGI2), Porto, Portugal<\/p>\n<p>Program Chair: Jos\u00e9 Lima &#8211; IPB &amp; CeDRI, Bragan\u00e7a, Portugal<\/p>\n<p>Program Chair: Andr\u00e9 Dias &#8211; ISEP &amp; INESC TEC, Porto, Portugal<\/p>\n<p>Program Chair: Manuel Ferre &#8211; UPM-CSIC &amp; CAR, Madrid, Spain<\/p>\n<p>&nbsp;<\/p>\n<p>Treasurer: Ana Isabel Pereira &#8211; IPB &amp; CeDRI, Bragan\u00e7a, Portugal<\/p>\n<p>Publicity Chair: Pedro Costa &#8211; FEUP &amp;\u00a0INESC TEC, Porto, Portugal<\/p>\n<p>Publication Chair: V\u00edtor H. Pinto &#8211; FEUP &amp; SYSTEC (DIGI2), Porto, Portugal<\/p>\n<p>&nbsp;<\/p>\n<p><strong>Organizing Committee<\/strong><\/p>\n<p>V\u00edtor H. Pinto &#8211; FEUP &amp; SYSTEC (DIGI2), Porto, Portugal<\/p>\n<p>Jos\u00e9 Lima &#8211; IPB &amp; CeDRI, Bragan\u00e7a, Portugal<\/p>\n<p>Andr\u00e9 Dias &#8211; ISEP &amp; INESC TEC, Porto, Portugal<\/p>\n<p>Pedro Costa &#8211; FEUP &amp;\u00a0INESC TEC, Porto, Portugal<\/p>\n","protected":false},"excerpt":{"rendered":"<p>Chairs General Chair: V\u00edtor H. Pinto &#8211; FEUP &amp; SYSTEC (DIGI2), Porto, Portugal Program Chair: Jos\u00e9 Lima &#8211; IPB &amp; CeDRI, Bragan\u00e7a, Portugal Program Chair: Andr\u00e9 Dias &#8211; ISEP &amp; INESC TEC, Porto, Portugal Program Chair: Manuel Ferre &#8211; UPM-CSIC &amp; CAR, Madrid, Spain &nbsp; Treasurer: Ana Isabel Pereira &#8211; IPB &amp; CeDRI, Bragan\u00e7a, Portugal [&hellip;]<\/p>\n","protected":false},"author":1,"featured_media":0,"parent":0,"menu_order":0,"comment_status":"closed","ping_status":"closed","template":"","meta":{"footnotes":""},"class_list":["post-71","page","type-page","status-publish","hentry"],"_links":{"self":[{"href":"https:\/\/www.robot2025.pt\/index.php?rest_route=\/wp\/v2\/pages\/71","targetHints":{"allow":["GET"]}}],"collection":[{"href":"https:\/\/www.robot2025.pt\/index.php?rest_route=\/wp\/v2\/pages"}],"about":[{"href":"https:\/\/www.robot2025.pt\/index.php?rest_route=\/wp\/v2\/types\/page"}],"author":[{"embeddable":true,"href":"https:\/\/www.robot2025.pt\/index.php?rest_route=\/wp\/v2\/users\/1"}],"replies":[{"embeddable":true,"href":"https:\/\/www.robot2025.pt\/index.php?rest_route=%2Fwp%2Fv2%2Fcomments&post=71"}],"version-history":[{"count":5,"href":"https:\/\/www.robot2025.pt\/index.php?rest_route=\/wp\/v2\/pages\/71\/revisions"}],"predecessor-version":[{"id":101,"href":"https:\/\/www.robot2025.pt\/index.php?rest_route=\/wp\/v2\/pages\/71\/revisions\/101"}],"wp:attachment":[{"href":"https:\/\/www.robot2025.pt\/index.php?rest_route=%2Fwp%2Fv2%2Fmedia&parent=71"}],"curies":[{"name":"wp","href":"https:\/\/api.w.org\/{rel}","templated":true}]}}